{"id":287,"date":"2020-06-18T08:35:12","date_gmt":"2020-06-18T08:35:12","guid":{"rendered":"http:\/\/hotel-malabou-beach.ms.decms.eu\/localisation\/"},"modified":"2020-07-09T18:19:35","modified_gmt":"2020-07-09T18:19:35","slug":"location","status":"publish","type":"page","link":"https:\/\/www.malabou.nc\/en\/location\/","title":{"rendered":"Location"},"content":{"rendered":"<p>Located at the extrem north of New Caledonia precisely on the beach of <strong>Nehoue bay<\/strong>, the Malabou Beach Hotel is the perfect place for a city escape with your loved one, friends and\/or family. In order to discover the exceptionnal natural environment surrouding the hotel, we provide paddles, kayaks and beach towels.<\/p>\n<p>Only <strong>15 minutes walking distance<\/strong> from the hotel, you may find an amazing <strong>white sand beach<\/strong>, well known in the region by locals. As you may walk around the hotel you will easily find walking trails, wild horses and many other treasures&#8230;<\/p>\n","protected":false},"excerpt":{"rendered":"<p>Located at the extrem north of New Caledonia precisely on the beach of Nehoue bay, the Malabou Beach Hotel is the perfect place for a city escape with your loved one, friends and\/or family. In order to discover the exceptionnal natural environment surrouding the hotel, we provide paddles, kayaks and beach towels. Only 15 minutes [&hellip;]<\/p>\n","protected":false},"author":137,"featured_media":0,"parent":0,"menu_order":0,"comment_status":"closed","ping_status":"closed","template":"template-location.php","meta":{"footnotes":""},"class_list":["post-287","page","type-page","status-publish","hentry"],"yoast_head":"<!-- This site is optimized with the Yoast SEO plugin v26.9 - https:\/\/yoast.com\/product\/yoast-seo-wordpress\/ -->\n<title>An idyllic place for your city escape | Malabou Beach Hotel<\/title>\n<meta name=\"description\" content=\"Situ\u00e9 \u00e0 l&#039;extr\u00eame nord de la Nouvelle-Cal\u00e9donie, pr\u00e9cis\u00e9mment sur la baie de N\u00e9houe l&#039;h\u00f4tel Malabou Beach est un endroit id\u00e9al pour une escapade romantique, entre amis ou en famille. L&#039;h\u00f4tel met \u00e0 disposition pour ses clients des paddles et Kayaks permettant ainsi de d\u00e9couvrir les richesses qui l&#039;entoure.\" \/>\n<meta name=\"robots\" content=\"index, follow, max-snippet:-1, max-image-preview:large, max-video-preview:-1\" \/>\n<link rel=\"canonical\" href=\"https:\/\/www.malabou.nc\/en\/location\/\" \/>\n<meta property=\"og:locale\" content=\"en_US\" \/>\n<meta property=\"og:type\" content=\"article\" \/>\n<meta property=\"og:title\" content=\"An idyllic place for your city escape | Malabou Beach Hotel\" \/>\n<meta property=\"og:description\" content=\"Situ\u00e9 \u00e0 l&#039;extr\u00eame nord de la Nouvelle-Cal\u00e9donie, pr\u00e9cis\u00e9mment sur la baie de N\u00e9houe l&#039;h\u00f4tel Malabou Beach est un endroit id\u00e9al pour une escapade romantique, entre amis ou en famille. L&#039;h\u00f4tel met \u00e0 disposition pour ses clients des paddles et Kayaks permettant ainsi de d\u00e9couvrir les richesses qui l&#039;entoure.\" \/>\n<meta property=\"og:url\" content=\"https:\/\/www.malabou.nc\/en\/location\/\" \/>\n<meta property=\"og:site_name\" content=\"H\u00f4tel Malabou Beach\" \/>\n<meta property=\"article:modified_time\" content=\"2020-07-09T18:19:35+00:00\" \/>\n<meta name=\"twitter:card\" content=\"summary_large_image\" \/>\n<script type=\"application\/ld+json\" class=\"yoast-schema-graph\">{\"@context\":\"https:\/\/schema.org\",\"@graph\":[{\"@type\":\"WebPage\",\"@id\":\"https:\/\/www.malabou.nc\/en\/location\/\",\"url\":\"https:\/\/www.malabou.nc\/en\/location\/\",\"name\":\"An idyllic place for your city escape | Malabou Beach Hotel\",\"isPartOf\":{\"@id\":\"https:\/\/www.malabou.nc\/en\/#website\"},\"datePublished\":\"2020-06-18T08:35:12+00:00\",\"dateModified\":\"2020-07-09T18:19:35+00:00\",\"description\":\"Situ\u00e9 \u00e0 l'extr\u00eame nord de la Nouvelle-Cal\u00e9donie, pr\u00e9cis\u00e9mment sur la baie de N\u00e9houe l'h\u00f4tel Malabou Beach est un endroit id\u00e9al pour une escapade romantique, entre amis ou en famille. L'h\u00f4tel met \u00e0 disposition pour ses clients des paddles et Kayaks permettant ainsi de d\u00e9couvrir les richesses qui l'entoure.\",\"breadcrumb\":{\"@id\":\"https:\/\/www.malabou.nc\/en\/location\/#breadcrumb\"},\"inLanguage\":\"en-US\",\"potentialAction\":[{\"@type\":\"ReadAction\",\"target\":[\"https:\/\/www.malabou.nc\/en\/location\/\"]}]},{\"@type\":\"BreadcrumbList\",\"@id\":\"https:\/\/www.malabou.nc\/en\/location\/#breadcrumb\",\"itemListElement\":[{\"@type\":\"ListItem\",\"position\":1,\"name\":\"Home\",\"item\":\"https:\/\/www.malabou.nc\/en\/\"},{\"@type\":\"ListItem\",\"position\":2,\"name\":\"Location\"}]},{\"@type\":\"WebSite\",\"@id\":\"https:\/\/www.malabou.nc\/en\/#website\",\"url\":\"https:\/\/www.malabou.nc\/en\/\",\"name\":\"H\u00f4tel Malabou Beach\",\"description\":\"\",\"potentialAction\":[{\"@type\":\"SearchAction\",\"target\":{\"@type\":\"EntryPoint\",\"urlTemplate\":\"https:\/\/www.malabou.nc\/en\/?s={search_term_string}\"},\"query-input\":{\"@type\":\"PropertyValueSpecification\",\"valueRequired\":true,\"valueName\":\"search_term_string\"}}],\"inLanguage\":\"en-US\"}]}<\/script>\n<!-- \/ Yoast SEO plugin. -->","yoast_head_json":{"title":"An idyllic place for your city escape | Malabou Beach Hotel","description":"Situ\u00e9 \u00e0 l'extr\u00eame nord de la Nouvelle-Cal\u00e9donie, pr\u00e9cis\u00e9mment sur la baie de N\u00e9houe l'h\u00f4tel Malabou Beach est un endroit id\u00e9al pour une escapade romantique, entre amis ou en famille. L'h\u00f4tel met \u00e0 disposition pour ses clients des paddles et Kayaks permettant ainsi de d\u00e9couvrir les richesses qui l'entoure.","robots":{"index":"index","follow":"follow","max-snippet":"max-snippet:-1","max-image-preview":"max-image-preview:large","max-video-preview":"max-video-preview:-1"},"canonical":"https:\/\/www.malabou.nc\/en\/location\/","og_locale":"en_US","og_type":"article","og_title":"An idyllic place for your city escape | Malabou Beach Hotel","og_description":"Situ\u00e9 \u00e0 l'extr\u00eame nord de la Nouvelle-Cal\u00e9donie, pr\u00e9cis\u00e9mment sur la baie de N\u00e9houe l'h\u00f4tel Malabou Beach est un endroit id\u00e9al pour une escapade romantique, entre amis ou en famille. L'h\u00f4tel met \u00e0 disposition pour ses clients des paddles et Kayaks permettant ainsi de d\u00e9couvrir les richesses qui l'entoure.","og_url":"https:\/\/www.malabou.nc\/en\/location\/","og_site_name":"H\u00f4tel Malabou Beach","article_modified_time":"2020-07-09T18:19:35+00:00","twitter_card":"summary_large_image","schema":{"@context":"https:\/\/schema.org","@graph":[{"@type":"WebPage","@id":"https:\/\/www.malabou.nc\/en\/location\/","url":"https:\/\/www.malabou.nc\/en\/location\/","name":"An idyllic place for your city escape | Malabou Beach Hotel","isPartOf":{"@id":"https:\/\/www.malabou.nc\/en\/#website"},"datePublished":"2020-06-18T08:35:12+00:00","dateModified":"2020-07-09T18:19:35+00:00","description":"Situ\u00e9 \u00e0 l'extr\u00eame nord de la Nouvelle-Cal\u00e9donie, pr\u00e9cis\u00e9mment sur la baie de N\u00e9houe l'h\u00f4tel Malabou Beach est un endroit id\u00e9al pour une escapade romantique, entre amis ou en famille. L'h\u00f4tel met \u00e0 disposition pour ses clients des paddles et Kayaks permettant ainsi de d\u00e9couvrir les richesses qui l'entoure.","breadcrumb":{"@id":"https:\/\/www.malabou.nc\/en\/location\/#breadcrumb"},"inLanguage":"en-US","potentialAction":[{"@type":"ReadAction","target":["https:\/\/www.malabou.nc\/en\/location\/"]}]},{"@type":"BreadcrumbList","@id":"https:\/\/www.malabou.nc\/en\/location\/#breadcrumb","itemListElement":[{"@type":"ListItem","position":1,"name":"Home","item":"https:\/\/www.malabou.nc\/en\/"},{"@type":"ListItem","position":2,"name":"Location"}]},{"@type":"WebSite","@id":"https:\/\/www.malabou.nc\/en\/#website","url":"https:\/\/www.malabou.nc\/en\/","name":"H\u00f4tel Malabou Beach","description":"","potentialAction":[{"@type":"SearchAction","target":{"@type":"EntryPoint","urlTemplate":"https:\/\/www.malabou.nc\/en\/?s={search_term_string}"},"query-input":{"@type":"PropertyValueSpecification","valueRequired":true,"valueName":"search_term_string"}}],"inLanguage":"en-US"}]}},"acf":[],"_links":{"self":[{"href":"https:\/\/www.malabou.nc\/en\/wp-json\/wp\/v2\/pages\/287","targetHints":{"allow":["GET"]}}],"collection":[{"href":"https:\/\/www.malabou.nc\/en\/wp-json\/wp\/v2\/pages"}],"about":[{"href":"https:\/\/www.malabou.nc\/en\/wp-json\/wp\/v2\/types\/page"}],"author":[{"embeddable":true,"href":"https:\/\/www.malabou.nc\/en\/wp-json\/wp\/v2\/users\/137"}],"replies":[{"embeddable":true,"href":"https:\/\/www.malabou.nc\/en\/wp-json\/wp\/v2\/comments?post=287"}],"version-history":[{"count":0,"href":"https:\/\/www.malabou.nc\/en\/wp-json\/wp\/v2\/pages\/287\/revisions"}],"wp:attachment":[{"href":"https:\/\/www.malabou.nc\/en\/wp-json\/wp\/v2\/media?parent=287"}],"curies":[{"name":"wp","href":"https:\/\/api.w.org\/{rel}","templated":true}]}}